{"id":26085,"date":"2018-11-21T14:46:25","date_gmt":"2018-11-21T14:46:25","guid":{"rendered":"https:\/\/ttc-telsys.cz\/?page_id=26085"},"modified":"2019-02-26T09:28:18","modified_gmt":"2019-02-26T09:28:18","slug":"elevator-technology","status":"publish","type":"page","link":"https:\/\/ttc-telsys.cz\/en\/elevator-technology\/","title":{"rendered":"Elevator technology"},"content":{"rendered":"<p>Sv\u00fdm z\u00e1kazn\u00edk\u016fm, mezi n\u011b\u017e pat\u0159\u00ed zejm\u00e9na velk\u00e9 a st\u0159edn\u00ed podniky, st\u00e1tn\u00ed spr\u00e1va a samospr\u00e1va a telekomunika\u010dn\u00ed oper\u00e1to\u0159i, poskytujeme \u0161irokop\u00e1smov\u00e1 multiservisn\u00ed \u0159e\u0161en\u00ed navr\u017een\u00e1 na m\u00edru, pln\u011b p\u0159izp\u016fsoben\u00e1 pot\u0159eb\u00e1m r\u016fzn\u00fdch odv\u011btv\u00ed. Na\u0161e aktivity zahrnuj\u00ed komplexn\u00ed sortiment komer\u010dn\u00edch a technick\u00fdch slu\u017eeb spojen\u00fdch s&nbsp;prodejem, instalac\u00ed, provozem a bezpe\u010dnost\u00ed. Vyu\u017e\u00edv\u00e1me p\u0159itom bohat\u00fdch zku\u0161enost\u00ed, kter\u00e9 TTC MARCONI z\u00edskalo b\u011bhem v\u00edce ne\u017e \u010dtvrtstolet\u00ed p\u016fsoben\u00ed na trhu.<\/p>\n<p>D\u00edky p\u0159\u00edslu\u0161nosti TTC MARCONI k&nbsp;<a href=\"https:\/\/www.ttc.cz\/\">holdingu TTC<\/a> t\u011b\u017e\u00ed na\u0161i z\u00e1kazn\u00edci ze synergi\u00ed s&nbsp;dal\u0161\u00edmi ICT spole\u010dnostmi ve skupin\u011b, zejm\u00e9na pak ze spolupr\u00e1ce se specialisty ze spole\u010dnosti TTC TELEKOMUNIKACE, kter\u00e1 je dr\u017eitelem osv\u011bd\u010den\u00ed Ministerstva obrany \u010cR, osv\u011bd\u010den\u00ed NB\u00da pro stupe\u0148 utajen\u00ed TAJN\u00c9 a osv\u011bd\u010den\u00ed NATO.<\/p>\n<p>Kvalitu na\u0161ich slu\u017eeb d\u00e1le potvrzuj\u00ed certifik\u00e1ty EN ISO 9001:2009, EN ISO 14001:2005, ISO\/IEC 27001:2014 a ISO\/IEC 20000-1:2012.<\/p>\n<p><!--more--><\/p>\n<p>Sv\u00fdm z\u00e1kazn\u00edk\u016fm, mezi n\u011b\u017e pat\u0159\u00ed zejm\u00e9na velk\u00e9 a st\u0159edn\u00ed podniky, st\u00e1tn\u00ed spr\u00e1va a samospr\u00e1va a telekomunika\u010dn\u00ed oper\u00e1to\u0159i, poskytujeme \u0161irokop\u00e1smov\u00e1 multiservisn\u00ed \u0159e\u0161en\u00ed navr\u017een\u00e1 na m\u00edru, pln\u011b p\u0159izp\u016fsoben\u00e1 pot\u0159eb\u00e1m r\u016fzn\u00fdch odv\u011btv\u00ed. Na\u0161e aktivity zahrnuj\u00ed komplexn\u00ed sortiment komer\u010dn\u00edch a technick\u00fdch slu\u017eeb spojen\u00fdch s&nbsp;prodejem, instalac\u00ed, provozem a bezpe\u010dnost\u00ed. Vyu\u017e\u00edv\u00e1me p\u0159itom bohat\u00fdch zku\u0161enost\u00ed, kter\u00e9 TTC MARCONI z\u00edskalo b\u011bhem v\u00edce ne\u017e \u010dtvrtstolet\u00ed p\u016fsoben\u00ed na trhu.<\/p>\n<p>D\u00edky p\u0159\u00edslu\u0161nosti TTC MARCONI k&nbsp;<a href=\"https:\/\/www.ttc.cz\/\">holdingu TTC<\/a> t\u011b\u017e\u00ed na\u0161i z\u00e1kazn\u00edci ze synergi\u00ed s&nbsp;dal\u0161\u00edmi ICT spole\u010dnostmi ve skupin\u011b, zejm\u00e9na pak ze spolupr\u00e1ce se specialisty ze spole\u010dnosti TTC TELEKOMUNIKACE, kter\u00e1 je dr\u017eitelem osv\u011bd\u010den\u00ed Ministerstva obrany \u010cR, osv\u011bd\u010den\u00ed NB\u00da pro stupe\u0148 utajen\u00ed TAJN\u00c9 a osv\u011bd\u010den\u00ed NATO.<\/p>\n<p>Kvalitu na\u0161ich slu\u017eeb d\u00e1le potvrzuj\u00ed certifik\u00e1ty EN ISO 9001:2009, EN ISO 14001:2005, ISO\/IEC 27001:2014 a ISO\/IEC 20000-1:2012.<\/p>\n","protected":false},"excerpt":{"rendered":"<p>Sv\u00fdm z\u00e1kazn\u00edk\u016fm, mezi n\u011b\u017e pat\u0159\u00ed zejm\u00e9na velk\u00e9 a st\u0159edn\u00ed podniky, st\u00e1tn\u00ed spr\u00e1va a samospr\u00e1va a telekomunika\u010dn\u00ed oper\u00e1to\u0159i, poskytujeme \u0161irokop\u00e1smov\u00e1 multiservisn\u00ed \u0159e\u0161en\u00ed navr\u017een\u00e1 na m\u00edru, pln\u011b p\u0159izp\u016fsoben\u00e1 pot\u0159eb\u00e1m r\u016fzn\u00fdch odv\u011btv\u00ed. Na\u0161e aktivity zahrnuj\u00ed komplexn\u00ed sortiment komer\u010dn\u00edch a technick\u00fdch slu\u017eeb spojen\u00fdch s&nbsp;prodejem, instalac\u00ed, provozem a bezpe\u010dnost\u00ed. Vyu\u017e\u00edv\u00e1me p\u0159itom bohat\u00fdch zku\u0161enost\u00ed, kter\u00e9 TTC MARCONI z\u00edskalo b\u011bhem v\u00edce ne\u017e [&#8230;]<\/p>\n","protected":false},"author":1,"featured_media":0,"parent":0,"menu_order":0,"comment_status":"closed","ping_status":"closed","template":"page-landing-vytahova_technika.php","meta":{"_acf_changed":false,"_monsterinsights_skip_tracking":false,"_monsterinsights_sitenote_active":false,"_monsterinsights_sitenote_note":"","_monsterinsights_sitenote_category":0,"footnotes":""},"class_list":["post-26085","page","type-page","status-publish","hentry"],"acf":[],"_links":{"self":[{"href":"https:\/\/ttc-telsys.cz\/en\/wp-json\/wp\/v2\/pages\/26085","targetHints":{"allow":["GET"]}}],"collection":[{"href":"https:\/\/ttc-telsys.cz\/en\/wp-json\/wp\/v2\/pages"}],"about":[{"href":"https:\/\/ttc-telsys.cz\/en\/wp-json\/wp\/v2\/types\/page"}],"author":[{"embeddable":true,"href":"https:\/\/ttc-telsys.cz\/en\/wp-json\/wp\/v2\/users\/1"}],"replies":[{"embeddable":true,"href":"https:\/\/ttc-telsys.cz\/en\/wp-json\/wp\/v2\/comments?post=26085"}],"version-history":[{"count":9,"href":"https:\/\/ttc-telsys.cz\/en\/wp-json\/wp\/v2\/pages\/26085\/revisions"}],"predecessor-version":[{"id":27721,"href":"https:\/\/ttc-telsys.cz\/en\/wp-json\/wp\/v2\/pages\/26085\/revisions\/27721"}],"wp:attachment":[{"href":"https:\/\/ttc-telsys.cz\/en\/wp-json\/wp\/v2\/media?parent=26085"}],"curies":[{"name":"wp","href":"https:\/\/api.w.org\/{rel}","templated":true}]}}