{"id":26623,"date":"2018-11-28T19:33:14","date_gmt":"2018-11-28T19:33:14","guid":{"rendered":"https:\/\/ttc-telsys.cz\/?page_id=26623"},"modified":"2019-05-15T13:36:06","modified_gmt":"2019-05-15T13:36:06","slug":"about-us","status":"publish","type":"page","link":"https:\/\/ttc-telsys.cz\/en\/about-us\/","title":{"rendered":"About Us"},"content":{"rendered":"<p>V\u0161emu co d\u011bl\u00e1me, v\u011bnujeme n\u00e1le\u017eitou pozornost a na\u0161e kroky sm\u011b\u0159ujeme tak, aby dopl\u0148ovaly kroky na\u0161ich z\u00e1kazn\u00edk\u016f a pom\u00e1haly jim napl\u0148ovat jejich c\u00edle. Jsme partnerem, kter\u00fd um\u00ed naj\u00edt optim\u00e1ln\u00ed \u0159e\u0161en\u00ed i pro slo\u017eit\u00e1 technick\u00e1 zad\u00e1n\u00ed. Inspiraci \u010derp\u00e1me nejen z&nbsp;bohat\u00fdch letit\u00fdch zku\u0161enost\u00ed, ale p\u0159edev\u0161\u00edm ze schopnost\u00ed a znalost\u00ed na\u0161ich zam\u011bstnanc\u016f. \u0158ad\u00edme se mezi stabiln\u00ed spole\u010dnosti s&nbsp;t\u00e9m\u011b\u0159 nulovou fluktuac\u00ed a d\u00edky tomu dok\u00e1\u017eeme sv\u00fdm z\u00e1kazn\u00edk\u016fm garantovat kvalitu nab\u00edzen\u00fdch slu\u017eeb a v\u00fdrobk\u016f.<\/p>\n<p>Na trhu p\u016fsob\u00edme ji\u017e dvac\u00e1t\u00fdm rokem. Jsme ryze \u010desk\u00e1 firma, kter\u00e1 je sou\u010d\u00e1st\u00ed skupiny obchodn\u00edch spole\u010dnost\u00ed se zam\u011b\u0159en\u00edm na podnik\u00e1n\u00ed v&nbsp;oblasti telekomunikac\u00ed, ICT, v\u00fdtahov\u00e9 techniky a realit. Mate\u0159sk\u00e1 spole\u010dnost skupiny a sou\u010dasn\u011b n\u00e1\u0161 jedin\u00fd akcion\u00e1\u0159 je TTC HOLDING, a.s. Holding \u010d\u00edt\u00e1 v\u00edce ne\u017e dvacet spole\u010dnost\u00ed se s\u00eddlem v&nbsp;\u010cR, SR, Rusku a Ukrajin\u011b.<!--more--><\/p>\n<p>Do portfolia na\u0161ich aktivit spad\u00e1 zejm\u00e9na:<\/p>\n<ul>\n<li>V\u00fdvoj a v\u00fdroba elektroniky pro \u0159\u00edzen\u00ed v\u00fdtah\u016f. Konstrukce v\u00fdtahov\u00fdch rozvad\u011b\u010d\u016f pro v\u0161echny typy v\u00fdtah\u016f.<\/li>\n<li>V\u00fdvoj, zaji\u0161t\u011bn\u00ed provozu a podpora poch\u016fzkov\u00e9ho a svol\u00e1vac\u00edho syst\u00e9mu zejm\u00e9na pro bezpe\u010dnostn\u00ed a \u00faklidov\u00e9 agentury, spole\u010dnosti zab\u00fdvaj\u00edc\u00ed se spr\u00e1vou a \u00fadr\u017ebou nemovitost\u00ed a pr\u016fmyslov\u00e9 podniky.<\/li>\n<li>Elektroinstala\u010dn\u00ed a mont\u00e1\u017en\u00ed pr\u00e1ce v&nbsp;oblastech telekomunikac\u00ed, ICT a datov\u00fdch center.<\/li>\n<\/ul>\n<p>Zakl\u00e1d\u00e1me si na dlouhodob\u00e9 spolupr\u00e1ci s&nbsp;oboustrann\u00fdm p\u0159\u00ednosem a budeme r\u00e1di, pokud se na n\u00e1s obr\u00e1t\u00edte s&nbsp;po\u017eadavkem na \u0159e\u0161en\u00ed Va\u0161ich pot\u0159eb a projekt\u016f.<\/p>\n","protected":false},"excerpt":{"rendered":"<p>V\u0161emu co d\u011bl\u00e1me, v\u011bnujeme n\u00e1le\u017eitou pozornost a na\u0161e kroky sm\u011b\u0159ujeme tak, aby dopl\u0148ovaly kroky na\u0161ich z\u00e1kazn\u00edk\u016f a pom\u00e1haly jim napl\u0148ovat jejich c\u00edle. Jsme partnerem, kter\u00fd um\u00ed naj\u00edt optim\u00e1ln\u00ed \u0159e\u0161en\u00ed i pro slo\u017eit\u00e1 technick\u00e1 zad\u00e1n\u00ed. Inspiraci \u010derp\u00e1me nejen z&nbsp;bohat\u00fdch letit\u00fdch zku\u0161enost\u00ed, ale p\u0159edev\u0161\u00edm ze schopnost\u00ed a znalost\u00ed na\u0161ich zam\u011bstnanc\u016f. \u0158ad\u00edme se mezi stabiln\u00ed spole\u010dnosti s&nbsp;t\u00e9m\u011b\u0159 nulovou [&#8230;]<\/p>\n","protected":false},"author":2,"featured_media":0,"parent":0,"menu_order":0,"comment_status":"closed","ping_status":"closed","template":"page-about.php","meta":{"_acf_changed":false,"_monsterinsights_skip_tracking":false,"_monsterinsights_sitenote_active":false,"_monsterinsights_sitenote_note":"","_monsterinsights_sitenote_category":0,"footnotes":""},"class_list":["post-26623","page","type-page","status-publish","hentry"],"acf":[],"_links":{"self":[{"href":"https:\/\/ttc-telsys.cz\/en\/wp-json\/wp\/v2\/pages\/26623","targetHints":{"allow":["GET"]}}],"collection":[{"href":"https:\/\/ttc-telsys.cz\/en\/wp-json\/wp\/v2\/pages"}],"about":[{"href":"https:\/\/ttc-telsys.cz\/en\/wp-json\/wp\/v2\/types\/page"}],"author":[{"embeddable":true,"href":"https:\/\/ttc-telsys.cz\/en\/wp-json\/wp\/v2\/users\/2"}],"replies":[{"embeddable":true,"href":"https:\/\/ttc-telsys.cz\/en\/wp-json\/wp\/v2\/comments?post=26623"}],"version-history":[{"count":14,"href":"https:\/\/ttc-telsys.cz\/en\/wp-json\/wp\/v2\/pages\/26623\/revisions"}],"predecessor-version":[{"id":28393,"href":"https:\/\/ttc-telsys.cz\/en\/wp-json\/wp\/v2\/pages\/26623\/revisions\/28393"}],"wp:attachment":[{"href":"https:\/\/ttc-telsys.cz\/en\/wp-json\/wp\/v2\/media?parent=26623"}],"curies":[{"name":"wp","href":"https:\/\/api.w.org\/{rel}","templated":true}]}}