{"id":28438,"date":"2019-06-05T13:32:11","date_gmt":"2019-06-05T13:32:11","guid":{"rendered":"https:\/\/ttc-telsys.cz\/?page_id=28438"},"modified":"2019-06-05T13:32:31","modified_gmt":"2019-06-05T13:32:31","slug":"availability","status":"publish","type":"page","link":"https:\/\/ttc-telsys.cz\/en\/availability\/","title":{"rendered":"TouchGuard Availability"},"content":{"rendered":"<table>\n<tbody>\n<tr>\n<td style=\"vertical-align: top;width:200px\">January 2016<br \/>\nFebruary 2016<br \/>\nMarch 2016<br \/>\nApril 2016<br \/>\nMay 2016<br \/>\nJune 2016<br \/>\nJuly 2016<br \/>\nAugust 2016<br \/>\nSeptember 2016<br \/>\nOctober 2016<br \/>\nNovember 2016<br \/>\nDecember 2016<br \/>\nJanuary 2017<br \/>\nFebruary 2017<br \/>\nMarch 2017<br \/>\nApril 2017<br \/>\nMay 2017<br \/>\nJune 2017<br \/>\nJuly 2017<br \/>\nAugust 2017<br \/>\nSeptember 2017<br \/>\nOctober 2017<br \/>\nNovember 2017<br \/>\nDecember 2017<br \/>\nJanuary 2018<br \/>\nFebruary 2018<br \/>\nMarch 2018<br \/>\nApril 2018<br \/>\nMay 2018<br \/>\nJune 2018<br \/>\nJuly 2018<br \/>\nAugust 2018<br \/>\nSeptember 2018<br \/>\nOctober 2018<br \/>\nNovember 2018<br \/>\nDecember 2018<br \/>\nJanuary 2019<br \/>\nFebruary 2019<br \/>\nMarch 2019<br \/>\nApril 2019<br \/>\nMay 2019<br \/>\nJune 2019<br \/>\nJuly 2019<br \/>\nAugust 2019<br \/>\nSeptember 2019<br \/>\nOctober 2019<br \/>\nNovember 2019<br \/>\nDecember 2019<\/td>\n<td style=\"vertical-align: top;\">100&nbsp;%<br \/>\n100&nbsp;%<br \/>\n100&nbsp;%<br \/>\n100&nbsp;%<br \/>\n100&nbsp;%<br \/>\n100&nbsp;%<br \/>\n99,931&nbsp;%<br \/>\n100&nbsp;%<br \/>\n100&nbsp;%<br \/>\n100&nbsp;%<br \/>\n100 %<br\/>\n100 %<br\/>\n100 %<br\/>\n100 %<br\/>\n100 %<br\/>\n100 %<br\/>\n100 %<br\/>\n100 %<br\/>\n100 %<br\/>\n100 %<br\/>\n100 %<br\/>\n100 %<br\/>\n100 %<br\/>\n100 %<br\/>\n100 %<br\/>\n100 %<br\/>\n100 %<br\/>\n100 %<br\/>\n100 %<br\/>\n100 %<br\/>\n100 %<br\/>\n100 %<br\/>\n100 %<br\/>\n100 %<br\/>\n100 %<br\/>\n100 %<br\/>\n100 %<br\/>\n100 %<br\/>\n100 %<br\/>\n100 %<br\/>\n100 %<br\/>\n100 %<br\/>\n100 %<br\/>\n100 %<br\/>\n100 %<br\/>\n100 %<br\/>\n100 %<br\/>\n100 %<br\/>\n100 %<br\/>\n100 %<br\/>\n100 %<br\/>\n100 %<br\/>\n99.9 %<br\/>\n100 %<br\/>\n100 %<br\/>\n100 %<br\/>\n100 %<br\/>\n100 %<br\/>\n100 %<br\/>\n100 %<br\/>\n100 %<br\/>\n100 %<br\/>\n100 %<br\/>\n100 %<br\/>\n100 %<br\/>\n100 %<br\/>\n99.91 %<br\/>\n100 %<br\/>\n100 %<br\/>\n100 %<br\/>\n100 %<br\/>\n100 %<br\/>\n100 %<br\/>\n100 %<br\/>\n100 %<br\/>\n100 %<br\/>\n100 %<br\/>\n100 %<br\/>\n100 %<br\/>\n100 %<br\/>\n100 %<br\/>\n100 %<br\/>\n100 %<br\/>\n100 %<br\/>\n100 %<br\/>\n100 %<br\/>\n100 %<br\/>\n100 %<br\/>\n100 %<br\/>\n100 %<br\/>\n100 %<br\/>\n100 %<br\/>\n100 %<br\/>\n100 %<br\/>\n100 %<br\/>\n100 %<br\/>\n100 %<br\/>\n100 %<br\/>\n100 %<br\/>\n100 %<br\/>\n100 %<br\/>\n100 %<br\/>\n100 %<br\/>\n100 %<br\/>\n100 %<br\/>\n100 %<br\/>\n100 %<br\/>\n100 %<br\/>\n100 %<br\/>\n100 %<br\/>\n100 %<br\/>\n100 %<br\/>\n100 %<br\/>\n100 %<br\/>\n100 %<br\/>\n100 %<br\/>\n100 %<br\/>\n100 %<br\/>\n100 %<br\/>\n100 %<br\/>\n100 %<br\/>\n100 %<br\/>\n100 %<br\/>\n<\/td>\n<td style=\"vertical-align: top;\"><\/td>\n<\/tr>\n<\/tbody>\n<\/table>\n<h2>2015<\/h2>\n<table>\n<tbody>\n<tr>\n<th style=\"text-align: center;width:200px\">M\u011bs\u00edc<\/th>\n<th style=\"text-align: center;\">Dostupnost<\/th>\n<th>Pozn\u00e1mka<\/th>\n<\/tr>\n<tr>\n<td>January<\/td>\n<td style=\"text-align: center;\">&nbsp;100&nbsp;%<\/td>\n<td><\/td>\n<\/tr>\n<tr>\n<td>February<\/td>\n<td style=\"text-align: center;\">&nbsp;100&nbsp;%<\/td>\n<td><\/td>\n<\/tr>\n<tr>\n<td>March<\/td>\n<td style=\"text-align: center;\">&nbsp;99,977&nbsp;%<\/td>\n<td><\/td>\n<\/tr>\n<tr>\n<td>April<\/td>\n<td style=\"text-align: center;\">&nbsp;100&nbsp;%<\/td>\n<td><\/td>\n<\/tr>\n<tr>\n<td>May<\/td>\n<td style=\"text-align: center;\">&nbsp;100&nbsp;%<\/td>\n<td><\/td>\n<\/tr>\n<tr>\n<td>June<\/td>\n<td style=\"text-align: center;\">&nbsp;100&nbsp;%<\/td>\n<td><\/td>\n<\/tr>\n<tr>\n<td>July<\/td>\n<td style=\"text-align: center;\">100&nbsp;%<\/td>\n<td><\/td>\n<\/tr>\n<tr>\n<td>August<\/td>\n<td style=\"text-align: center;\">&nbsp;100&nbsp;%<\/td>\n<td><\/td>\n<\/tr>\n<tr>\n<td>September<\/td>\n<td style=\"text-align: center;\">&nbsp;100&nbsp;%<\/td>\n<td><\/td>\n<\/tr>\n<tr>\n<td>October<\/td>\n<td style=\"text-align: center;\">&nbsp;99,861&nbsp;%<\/td>\n<td>Pl\u00e1novan\u00fd v\u00fdpadek p\u0159i p\u0159esunu serveru do nov\u00e9ho DC<\/td>\n<\/tr>\n<tr>\n<td>November<\/td>\n<td style=\"text-align: center;\">&nbsp;100&nbsp;%<\/td>\n<td><\/td>\n<\/tr>\n<tr>\n<td>December<\/td>\n<td style=\"text-align: center;\">&nbsp;100&nbsp;%<\/td>\n<td><\/td>\n<\/tr>\n<\/tbody>\n<\/table>\n","protected":false},"excerpt":{"rendered":"<p>January 2016 February 2016 March 2016 April 2016 May 2016 June 2016 July 2016 August 2016 September 2016 October 2016 November 2016 December 2016 January 2017 February 2017 March 2017 April 2017 May 2017 June 2017 July 2017 August 2017 September 2017 October 2017 November 2017 December 2017 January 2018 February 2018 March 2018 April [&#8230;]<\/p>\n","protected":false},"author":15,"featured_media":0,"parent":0,"menu_order":0,"comment_status":"closed","ping_status":"closed","template":"page-simple.php","meta":{"_acf_changed":false,"_monsterinsights_skip_tracking":false,"_monsterinsights_sitenote_active":false,"_monsterinsights_sitenote_note":"","_monsterinsights_sitenote_category":0,"footnotes":""},"class_list":["post-28438","page","type-page","status-publish","hentry"],"acf":[],"_links":{"self":[{"href":"https:\/\/ttc-telsys.cz\/en\/wp-json\/wp\/v2\/pages\/28438","targetHints":{"allow":["GET"]}}],"collection":[{"href":"https:\/\/ttc-telsys.cz\/en\/wp-json\/wp\/v2\/pages"}],"about":[{"href":"https:\/\/ttc-telsys.cz\/en\/wp-json\/wp\/v2\/types\/page"}],"author":[{"embeddable":true,"href":"https:\/\/ttc-telsys.cz\/en\/wp-json\/wp\/v2\/users\/15"}],"replies":[{"embeddable":true,"href":"https:\/\/ttc-telsys.cz\/en\/wp-json\/wp\/v2\/comments?post=28438"}],"version-history":[{"count":2,"href":"https:\/\/ttc-telsys.cz\/en\/wp-json\/wp\/v2\/pages\/28438\/revisions"}],"predecessor-version":[{"id":28440,"href":"https:\/\/ttc-telsys.cz\/en\/wp-json\/wp\/v2\/pages\/28438\/revisions\/28440"}],"wp:attachment":[{"href":"https:\/\/ttc-telsys.cz\/en\/wp-json\/wp\/v2\/media?parent=28438"}],"curies":[{"name":"wp","href":"https:\/\/api.w.org\/{rel}","templated":true}]}}